{"id":608,"date":"2015-07-06T21:03:12","date_gmt":"2015-07-06T18:03:12","guid":{"rendered":"http:\/\/www.rentachef.fi\/?page_id=608"},"modified":"2025-05-22T10:49:24","modified_gmt":"2025-05-22T07:49:24","slug":"ota-yhteytta","status":"publish","type":"page","link":"https:\/\/rentachef.fi\/fi\/ota-yhteytta\/","title":{"rendered":"Ota yhteytt\u00e4"},"content":{"rendered":"<div class=\"fusion-fullwidth fullwidth-box fusion-builder-row-1 hundred-percent-fullwidth non-hundred-percent-height-scrolling\" style=\"--awb-border-radius-top-left:0px;--awb-border-radius-top-right:0px;--awb-border-radius-bottom-right:0px;--awb-border-radius-bottom-left:0px;--awb-overflow:visible;--awb-flex-wrap:wrap;\" ><div class=\"fusion-builder-row fusion-row\"><div class=\"fusion-layout-column fusion_builder_column fusion-builder-column-0 fusion_builder_column_1_1 1_1 fusion-one-full fusion-column-first fusion-column-last\" style=\"--awb-bg-size:cover;\"><div class=\"fusion-column-wrapper fusion-flex-column-wrapper-legacy\"><div class=\"fusion-text fusion-text-1\"><h1>Yhteystiedot<\/h1>\n<p>Voit soittaa meille arkisin: 08.00 &#8211; 18.00<\/p>\n<div class=\"fusion-column content-box-column content-box-column content-box-column-1 col-lg-12 col-md-12 col-sm-12 fusion-content-box-hover content-box-column-last-in-row\">\n<div class=\"col content-box-wrapper content-wrapper link-area-link-icon icon-hover-animation-fade link-area-link-icon-hover\" data-animationoffset=\"top-into-view\">\n<div class=\"heading heading-with-icon icon-left\">\n<h3 class=\"content-box-heading\">+358 0 40 7058 890<\/p>\n<p>info(at)rentachef.fi<\/h3>\n<\/div>\n<\/div>\n<\/div>\n<\/div><div class=\"fusion-sep-clear\"><\/div><div class=\"fusion-separator fusion-full-width-sep\" style=\"margin-left: auto;margin-right: auto;margin-top:15px;margin-bottom:15px;width:100%;\"><\/div><div class=\"fusion-sep-clear\"><\/div><div class=\"fusion-text fusion-text-2\"><p><em>Y-tunnus:<\/em><br \/>3429287-3<\/p>\n<p><em>Laskutusosoite<\/em><br \/>Rentachef.fi<br \/>Stent\u00e5get 34<br \/>64200 N\u00e4rpi\u00f6<\/p>\n<p><strong>Verkkolaskut<\/strong><br \/>JP Rent a Chef Ab Oy, 3429287-3<br \/>Verkkolaskuosoite: 003734292873<br \/>Operaattori: Maventa (003721291126)<br \/>V\u00e4litystunnus pankkiverkosta l\u00e4hetett\u00e4ess\u00e4: DABAFIHH*<br \/>*Jos teill\u00e4 ei ole mahdollisuutta l\u00e4hett\u00e4\u00e4 suoraan Maventan v\u00e4litystunnukselle verkkolaskuohjelmastanne, tulee k\u00e4ytt\u00e4\u00e4 t\u00e4t\u00e4 v\u00e4litystunnusta.<\/p>\n<p><strong>Laskut s\u00e4hk\u00f6postitse skannauspalveluun<\/strong><br \/>Pyyd\u00e4mme teit\u00e4 l\u00e4hett\u00e4m\u00e4\u00e4n ainoastaan laskuja alla olevaan osoitteeseen. S\u00e4hk\u00f6postitse l\u00e4hetett\u00e4v\u00e4t laskut tulee liitt\u00e4\u00e4 PDF-muodossa liittein\u00e4. Mik\u00e4li laskussa on liitteit\u00e4, ne tulee sis\u00e4llytt\u00e4\u00e4 samaan tiedostoon varsinaisen laskun kanssa.<br \/>S\u00e4hk\u00f6postiosoite laskuja varten: 34292873@scan.netvisor.fi<\/p>\n<p><a href=\"https:\/\/rentachef.fi\/wp-content\/uploads\/2025\/05\/E-fakturaadress.pdf\">Ohjeet<\/a><\/p>\n<\/div><div class=\"fusion-clearfix\"><\/div><\/div><\/div><\/div><\/div>\n","protected":false},"excerpt":{"rendered":"","protected":false},"author":1,"featured_media":0,"parent":0,"menu_order":0,"comment_status":"closed","ping_status":"closed","template":"","meta":{"footnotes":""},"class_list":["post-608","page","type-page","status-publish","hentry"],"yoast_head":"<!-- This site is optimized with the Yoast SEO plugin v26.9 - https:\/\/yoast.com\/product\/yoast-seo-wordpress\/ -->\n<title>Ota yhteytt\u00e4 - Rentachef.fi<\/title>\n<meta name=\"robots\" content=\"index, follow, max-snippet:-1, max-image-preview:large, max-video-preview:-1\" \/>\n<link rel=\"canonical\" href=\"https:\/\/rentachef.fi\/fi\/ota-yhteytta\/\" \/>\n<meta property=\"og:locale\" content=\"fi_FI\" \/>\n<meta property=\"og:type\" content=\"article\" \/>\n<meta property=\"og:title\" content=\"Ota yhteytt\u00e4 - Rentachef.fi\" \/>\n<meta property=\"og:url\" content=\"https:\/\/rentachef.fi\/fi\/ota-yhteytta\/\" \/>\n<meta property=\"og:site_name\" content=\"Rentachef.fi\" \/>\n<meta property=\"article:publisher\" content=\"https:\/\/www.facebook.com\/rentachefwithstaf\" \/>\n<meta property=\"article:modified_time\" content=\"2025-05-22T07:49:24+00:00\" \/>\n<meta property=\"og:image\" content=\"https:\/\/www.rentachef.fi\/wp-content\/uploads\/2015\/05\/rentachef_vector_whiteonblack.png\" \/>\n<meta name=\"twitter:card\" content=\"summary_large_image\" \/>\n<meta name=\"twitter:label1\" content=\"Arvioitu lukuaika\" \/>\n\t<meta name=\"twitter:data1\" content=\"1 minuutti\" \/>\n<script type=\"application\/ld+json\" class=\"yoast-schema-graph\">{\"@context\":\"https:\/\/schema.org\",\"@graph\":[{\"@type\":\"WebPage\",\"@id\":\"https:\/\/rentachef.fi\/fi\/ota-yhteytta\/\",\"url\":\"https:\/\/rentachef.fi\/fi\/ota-yhteytta\/\",\"name\":\"Ota yhteytt\u00e4 - Rentachef.fi\",\"isPartOf\":{\"@id\":\"https:\/\/rentachef.fi\/#website\"},\"datePublished\":\"2015-07-06T18:03:12+00:00\",\"dateModified\":\"2025-05-22T07:49:24+00:00\",\"breadcrumb\":{\"@id\":\"https:\/\/rentachef.fi\/fi\/ota-yhteytta\/#breadcrumb\"},\"inLanguage\":\"fi\",\"potentialAction\":[{\"@type\":\"ReadAction\",\"target\":[\"https:\/\/rentachef.fi\/fi\/ota-yhteytta\/\"]}]},{\"@type\":\"BreadcrumbList\",\"@id\":\"https:\/\/rentachef.fi\/fi\/ota-yhteytta\/#breadcrumb\",\"itemListElement\":[{\"@type\":\"ListItem\",\"position\":1,\"name\":\"Home\",\"item\":\"https:\/\/rentachef.fi\/fi\/\"},{\"@type\":\"ListItem\",\"position\":2,\"name\":\"Ota yhteytt\u00e4\"}]},{\"@type\":\"WebSite\",\"@id\":\"https:\/\/rentachef.fi\/#website\",\"url\":\"https:\/\/rentachef.fi\/\",\"name\":\"Rentachef.fi\",\"description\":\"Rent your own chef with staff\",\"potentialAction\":[{\"@type\":\"SearchAction\",\"target\":{\"@type\":\"EntryPoint\",\"urlTemplate\":\"https:\/\/rentachef.fi\/?s={search_term_string}\"},\"query-input\":{\"@type\":\"PropertyValueSpecification\",\"valueRequired\":true,\"valueName\":\"search_term_string\"}}],\"inLanguage\":\"fi\"}]}<\/script>\n<!-- \/ Yoast SEO plugin. -->","yoast_head_json":{"title":"Ota yhteytt\u00e4 - Rentachef.fi","robots":{"index":"index","follow":"follow","max-snippet":"max-snippet:-1","max-image-preview":"max-image-preview:large","max-video-preview":"max-video-preview:-1"},"canonical":"https:\/\/rentachef.fi\/fi\/ota-yhteytta\/","og_locale":"fi_FI","og_type":"article","og_title":"Ota yhteytt\u00e4 - Rentachef.fi","og_url":"https:\/\/rentachef.fi\/fi\/ota-yhteytta\/","og_site_name":"Rentachef.fi","article_publisher":"https:\/\/www.facebook.com\/rentachefwithstaf","article_modified_time":"2025-05-22T07:49:24+00:00","og_image":[{"url":"https:\/\/www.rentachef.fi\/wp-content\/uploads\/2015\/05\/rentachef_vector_whiteonblack.png","type":"","width":"","height":""}],"twitter_card":"summary_large_image","twitter_misc":{"Arvioitu lukuaika":"1 minuutti"},"schema":{"@context":"https:\/\/schema.org","@graph":[{"@type":"WebPage","@id":"https:\/\/rentachef.fi\/fi\/ota-yhteytta\/","url":"https:\/\/rentachef.fi\/fi\/ota-yhteytta\/","name":"Ota yhteytt\u00e4 - Rentachef.fi","isPartOf":{"@id":"https:\/\/rentachef.fi\/#website"},"datePublished":"2015-07-06T18:03:12+00:00","dateModified":"2025-05-22T07:49:24+00:00","breadcrumb":{"@id":"https:\/\/rentachef.fi\/fi\/ota-yhteytta\/#breadcrumb"},"inLanguage":"fi","potentialAction":[{"@type":"ReadAction","target":["https:\/\/rentachef.fi\/fi\/ota-yhteytta\/"]}]},{"@type":"BreadcrumbList","@id":"https:\/\/rentachef.fi\/fi\/ota-yhteytta\/#breadcrumb","itemListElement":[{"@type":"ListItem","position":1,"name":"Home","item":"https:\/\/rentachef.fi\/fi\/"},{"@type":"ListItem","position":2,"name":"Ota yhteytt\u00e4"}]},{"@type":"WebSite","@id":"https:\/\/rentachef.fi\/#website","url":"https:\/\/rentachef.fi\/","name":"Rentachef.fi","description":"Rent your own chef with staff","potentialAction":[{"@type":"SearchAction","target":{"@type":"EntryPoint","urlTemplate":"https:\/\/rentachef.fi\/?s={search_term_string}"},"query-input":{"@type":"PropertyValueSpecification","valueRequired":true,"valueName":"search_term_string"}}],"inLanguage":"fi"}]}},"_links":{"self":[{"href":"https:\/\/rentachef.fi\/fi\/wp-json\/wp\/v2\/pages\/608","targetHints":{"allow":["GET"]}}],"collection":[{"href":"https:\/\/rentachef.fi\/fi\/wp-json\/wp\/v2\/pages"}],"about":[{"href":"https:\/\/rentachef.fi\/fi\/wp-json\/wp\/v2\/types\/page"}],"author":[{"embeddable":true,"href":"https:\/\/rentachef.fi\/fi\/wp-json\/wp\/v2\/users\/1"}],"replies":[{"embeddable":true,"href":"https:\/\/rentachef.fi\/fi\/wp-json\/wp\/v2\/comments?post=608"}],"version-history":[{"count":11,"href":"https:\/\/rentachef.fi\/fi\/wp-json\/wp\/v2\/pages\/608\/revisions"}],"predecessor-version":[{"id":946,"href":"https:\/\/rentachef.fi\/fi\/wp-json\/wp\/v2\/pages\/608\/revisions\/946"}],"wp:attachment":[{"href":"https:\/\/rentachef.fi\/fi\/wp-json\/wp\/v2\/media?parent=608"}],"curies":[{"name":"wp","href":"https:\/\/api.w.org\/{rel}","templated":true}]}}